{"id":65,"date":"2020-03-11T20:42:39","date_gmt":"2020-03-11T20:42:39","guid":{"rendered":"https:\/\/watersports4all.de\/wordpress\/index.php\/italy\/"},"modified":"2025-01-21T16:10:10","modified_gmt":"2025-01-21T16:10:10","slug":"datenschutz","status":"publish","type":"page","link":"https:\/\/watersports4all.de\/index.php\/datenschutz\/","title":{"rendered":"Datenschutz"},"content":{"rendered":"\t\t<div data-elementor-type=\"wp-page\" data-elementor-id=\"65\" class=\"elementor elementor-65\">\n\t\t\t\t\t\t<section class=\"elementor-section elementor-top-section elementor-element elementor-element-54326a28 elementor-section-boxed elementor-section-height-default elementor-section-height-default\" data-id=\"54326a28\" data-element_type=\"section\" data-e-type=\"section\">\n\t\t\t\t\t\t<div class=\"elementor-container elementor-column-gap-no\">\n\t\t\t\t\t<div class=\"aux-parallax-section elementor-column elementor-col-100 elementor-top-column elementor-element elementor-element-a91e1a5\" data-id=\"a91e1a5\" data-element_type=\"column\" data-e-type=\"column\">\n\t\t\t<div class=\"elementor-widget-wrap elementor-element-populated\">\n\t\t\t\t\t\t<div class=\"elementor-element elementor-element-fe25c35 elementor-widget elementor-widget-spacer\" data-id=\"fe25c35\" data-element_type=\"widget\" data-e-type=\"widget\" data-widget_type=\"spacer.default\">\n\t\t\t\t<div class=\"elementor-widget-container\">\n\t\t\t\t\t\t\t<div class=\"elementor-spacer\">\n\t\t\t<div class=\"elementor-spacer-inner\"><\/div>\n\t\t<\/div>\n\t\t\t\t\t\t<\/div>\n\t\t\t\t<\/div>\n\t\t\t\t<div class=\"elementor-element elementor-element-788b157b elementor-widget elementor-widget-aux_modern_heading\" data-id=\"788b157b\" data-element_type=\"widget\" data-e-type=\"widget\" data-widget_type=\"aux_modern_heading.default\">\n\t\t\t\t<div class=\"elementor-widget-container\">\n\t\t\t\t\t<section class=\"aux-widget-modern-heading\">\n            <div class=\"aux-widget-inner\"><h2 class=\"aux-modern-heading-primary\">Datenschutzerkl\u00e4rung<\/h2><div class=\"aux-modern-heading-description\"><h4>Informationen bez\u00fcglich der Erhebung personenbezogener Daten auf diesen Webseiten<\/h4><p>1. Mit den folgenden Informationen erhalten Sie einen \u00dcberblick \u00fcber unseren Umgang mit personenbezogenen Daten, die mit Ihrer Nutzung dieser Website entstehen und durch uns genutzt werden. Die in Europa geltende Datenschutzgrundverordnung definiert personenbezogene Daten als s\u00e4mtliche Daten, die in pers\u00f6nlichem Bezug zu Ihnen stehen, wie z.B. Ihr Name, Ihre Adresse, Ihre E-Mail-Adressen, oder auch Ihr Surfverhalten.<\/p><p>2. Verantwortlicher gem. Art. 4 Abs. 7 EU-Datenschutz-Grundverordnung (DS-GVO) ist<\/p><p>Wassersportschule Gro\u00dfenbrode UG (haftungsbeschr\u00e4nkt)<br \/>watersports4all<br \/>Inhaber Tobias Michelsen<br \/>Am Kai 21<br \/>23775 Gro\u00dfenbrode<\/p><p>Tel: +49 (0)4367 65 799 66<br \/>Handy: +49 (0)171 80 55 655<\/p><p>Email: team@watersports4all.de<\/p><p>siehe auch unser <a href=\"https:\/\/watersports4all.de\/impressum\/\">Impressum<\/a>.<\/p><p>3. Wenn Sie mit uns per E-Mail oder \u00fcber ein Kontaktformular in Verbindung treten, speichern wir die von Ihnen mitgeteilten Daten (z.B. Ihre E-Mail-Adresse und Ihren Namen), um Ihre Anfrage zu bearbeiten. Sollte die Speicherung nicht mehr erforderlich sein, werden Ihre Daten von uns wieder gel\u00f6scht, sofern sie nicht, z.B. im Rahmen gesetzlicher Aufbewahrungspflichten, weiter aufbewahrt werden m\u00fcssen (Anforderungen des Finazamtes, etc.). Im Falle einer gesetzlichen Aufbewahrungspflicht werden wir die Verarbeitung entsprechend einschr\u00e4nken.<\/p><p>\u00a0<\/p><h4>Ihre Rechte<\/h4><p>1. Bez\u00fcglich der Sie betreffenden personenbezogenen Daten, d\u00fcrfen Sie uns gegen\u00fcber folgendes verlangen:<\/p><ol><li>Auskunft<\/li><li>Berichtigung<\/li><li>L\u00f6schung<\/li><li>Einschr\u00e4nkung der Verarbeitung<\/li><li>Widerspruch gegen die Verarbeitung<\/li><li>\u00dcbertragbarkeit Ihrer Daten<\/li><\/ol><p>2. Dar\u00fcber hinaus k\u00f6nnen Sie sich jederzeit bei einer Datenschutz-Aufsichtsbeh\u00f6rde \u00fcber die Verarbeitung Ihrer personenbezogenen Daten durch uns beschweren.<\/p><p>\u00a0<\/p><h4>Erhebung personenbezogener Daten auf diesen Webseiten<\/h4><p>1. Da sie sich auf unseren Webseiten nicht registrieren m\u00fcssen, k\u00f6nnen Sie unser Informationsangebot ohne Angabe Ihrer pers\u00f6nlichen Daten nutzen. Aufgrund der technischen Veraussetzungen des Internet erheben wir jedoch automatisch die personenbezogenen Daten, die Ihr Browser an unseren Server \u00fcbermittelt. Diese sind notwendig, damit unser Webserver seine Informationen an genau Ihren Rechner, bzw. Ihren Browser weitergeben kann. Au\u00dferdem werden diese Daten ben\u00f6tigt, um einen sicheren Betrieb des Servers zu gew\u00e4hrleisten. (Rechtsgrundlage diesbez\u00fcglich ist Art. 6 Abs. 1 S. 1 lit. f DS-GVO).<br \/>Was wird also gespeichert:<\/p><ol><li>Ihre IP-Adresse<\/li><li>Datum und Uhrzeit Ihrer jeweiligen Anfrage<\/li><li>ggf. die Zeitzonendifferenz zur Greenwich Mean Time (GMT)<\/li><li>der Inhalt der Anforderung (z.B. die konkrete Seite oder ein Seitenbestandteil)<\/li><li>der Zugriffsstatus\/HTTP-Statuscode (z.B. \u201e404 Seite nicht gefunden\u201c)<\/li><li>die jeweils \u00fcbertragene Datenmenge<\/li><li>die Website, von der die Anforderung gekommen ist (Referrer)<\/li><li>der Browsername nebst angezeigter Versionsnummer und Sprache<\/li><li>das von Ihnen verwendete Betriebssystem<\/li><\/ol><p>Diese Daten werden im Rahmen der gesetzlichen Anforderungen wieder gel\u00f6scht.<\/p><p>\u00a0<\/p><h4>2. Nutzung unserer Buchungs- &amp; Reservierungsformulare<\/h4><p>Wenn Sie unsere Produkte oder Dienstleistungen \u00fcber unsere Onlineformulare bestellen oder reservieren, ist es \u2013 auch f\u00fcr den sp\u00e4teren Abschluss eines Vetrags \u2013 notwendig, dass Sie Ihre pers\u00f6nlichen Daten \u00fcbermitteln. Diese sind sowohl zur Abwicklung der Buchung, als auch zur Gew\u00e4hrleistung der gesetzlichen Bestimmungen erforderlich. Entsprechend notwendige Pflichtangaben sind gesondert ausgewiesen, weitere Angaben freiwillig. Im Rahmen des Lastschrifteinzugsverfahrens geben wir Ihre Zahlungsdaten an unsere Hausbank weiter, wenn Sie zuvor Ihr Einverst\u00e4ndnis dazu erteilt haben. Rechtsgrundlage hierf\u00fcr ist Art. 6 Abs. 1 S. 1 lit. b DS-GVO. Die von Ihnen angegebenen Daten k\u00f6nnen wir au\u00dferdem bis zu Ihrem Widerruf nutzen, um Sie \u00fcber weitere interessante Produkte aus unserem Leistungskatalog zu informieren oder Ihnen auf elektronischem Weg technische Informationen, z.B. zu Kurs\u00e4nderungen, \u00c4nderungen der Miet- und Verleihpreise, o.\u00e4. zukommen zu lassen.<\/p><p>Aufgrund geltenden Rechts sind wir gezwungen, Ihre Adresse, sowie Zahlungs- und Bestelldaten f\u00fcr die Dauer von zehn Jahren zu speichern. Eine dar\u00fcber hinausgehende Nutzung, nach Beendigung unseres Vertragsverh\u00e4ltnisses, findet nur auf Ihren ausdr\u00fccklichen Wunsch statt.<\/p><p>Zur Wahrung der gesetzlichen Vorgaben werden Ihre Bestelldaten verschl\u00fcsselt \u00fcbertragen.<\/p><p>\u00a0<\/p><h4>Cookies<\/h4><p>Zur Zeit verwenden wir keine Cookies.<\/p><p>\u00a0<\/p><h4>Verwendung von Google Webfonts<\/h4><p>Diese Webseiten verwenden Google-Webfonts, die durch einen Aufruf \u2013 zu einem, meist in den USA betriebenen Server \u2013 in die Webseiten integriert werden. Damit ist Google in der Lage Daten, wie z.B. Ihre IP-Adresse, Ihre Verweildauer und die von Ihnen hier aufgerufenen Seiten zu erkennen und zu speichern. Sofern Sie bei Google eingeloggt sind, z.B. \u00fcber Google Chrome, einen Youtube-Kanal oder Google Plus k\u00f6nnte Google diese Daten auch nutzen, um ein Pers\u00f6nlichkeitsprofil von Ihnen zu erstellen bzw. zu erweitern. Zur Zeit erkl\u00e4rt Google jedoch dies nicht zu tun. Weitere Informationen dar\u00fcber finden Sie bei Google:<br \/>Google LLC, 1600 Amphitheatre Parkway, Mountain View, CA 94043, USA.<br \/>Datenschutzerkl\u00e4rung: <a href=\"https:\/\/www.google.com\/policies\/privacy\/\">https:\/\/www.google.com\/policies\/privacy\/<\/a><br \/>Opt-Out: <a href=\"https:\/\/adssettings.google.com\/authenticated\">https:\/\/adssettings.google.com\/authenticated<\/a><br \/>Google Fonts: <a href=\"http:\/\/www.google.com\/fonts#AboutPlace:about\" target=\"_blank\" rel=\"noopener\">www.google.com\/fonts#AboutPlace:about<\/a><\/p><p>\u00a0<\/p><h4>Verwendung von Google Maps<\/h4><p>Zur Darstellung unseres Standortes nutzen wir den von Google bereitgestellten Dienst Google Maps. Da dieser Aufrufe von Webseiten auch an Server in den USA \u00fcbertragen kann, ist Google in der Lage Daten, wie z.B. Ihre IP-Adresse, Ihre Verweildauer und die von Ihnen hier aufgerufenen Seiten zu erkennen und zu speichern. Sofern Sie bei Google eingeloggt sind, z.B. \u00fcber Google Chrome, einen Youtube-Kanal oder Google Plus k\u00f6nnte Google diese Daten nutzen, um ein Pers\u00f6nlichkeitsprofil von Ihnen zu erstellen bzw. zu erweitern. Zur Zeit erkl\u00e4rt Google jedoch dies nicht zu tun. Weitere Informationen hier\u00fcber finden Sie bei:<br \/>Google LLC, 1600 Amphitheatre Parkway, Mountain View, CA 94043, USA.<br \/>Datenschutzerkl\u00e4rung: <a href=\"https:\/\/www.google.com\/policies\/privacy\/\">https:\/\/www.google.com\/policies\/privacy\/<\/a><br \/>Opt-Out: <a href=\"https:\/\/adssettings.google.com\/authenticated\">https:\/\/adssettings.google.com\/authenticated<\/a><br \/>und in den \u201e<a href=\"http:\/\/www.google.com\/intl\/de_de\/help\/terms_maps.html\" target=\"_blank\" rel=\"noopener\">Nutzungsbedingungen von Google Maps<\/a>\u201e.<\/p><p>\u00a0<\/p><h4>Widerspruch Werbe-Mails<\/h4><p>Der Nutzung unserer ver\u00f6ffentlichten Kontaktdaten zur \u00dcbersendung von nicht ausdr\u00fccklich angeforderter Werbung und Informationsmaterialien wird hiermit widersprochen. Die Betreiber dieser Webseiten behalten sich ausdr\u00fccklich rechtliche Schritte im Falle von unverlangt zugesendeten werblichen Informationen, z.B. mittels E-Mails, vor.<\/p><h4>\u00a0<\/h4><h4>Copyright<\/h4><p>Diese Datenschutzerkl\u00e4rung \u2013 auch auszugsweise \u2013 darf nicht kopiert werden. Alle Rechte vorbehalten, Watersports4all, Tobias Michelsen<\/p><\/div><\/div>\n        <\/section>\t\t\t\t<\/div>\n\t\t\t\t<\/div>\n\t\t\t\t\t<\/div>\n\t\t<\/div>\n\t\t\t\t\t<\/div>\n\t\t<\/section>\n\t\t\t\t<\/div>\n\t\t","protected":false},"excerpt":{"rendered":"<p>Datenschutzerkl\u00e4rung Informationen bez\u00fcglich der Erhebung personenbezogener Daten auf diesen Webseiten 1. Mit den folgenden Informationen erhalten Sie einen \u00dcberblick \u00fcber unseren Umgang mit personenbezogenen Daten, die mit Ihrer Nutzung dieser Website entstehen und durch uns genutzt werden. Die in Europa geltende Datenschutzgrundverordnung definiert personenbezogene Daten als s\u00e4mtliche Daten, die in pers\u00f6nlichem Bezug zu Ihnen stehen, [&hellip;]<\/p>\n","protected":false},"author":3,"featured_media":0,"parent":0,"menu_order":0,"comment_status":"closed","ping_status":"closed","template":"elementor_header_footer","meta":{"footnotes":""},"class_list":["post-65","page","type-page","status-publish","hentry"],"_links":{"self":[{"href":"https:\/\/watersports4all.de\/index.php\/wp-json\/wp\/v2\/pages\/65","targetHints":{"allow":["GET"]}}],"collection":[{"href":"https:\/\/watersports4all.de\/index.php\/wp-json\/wp\/v2\/pages"}],"about":[{"href":"https:\/\/watersports4all.de\/index.php\/wp-json\/wp\/v2\/types\/page"}],"author":[{"embeddable":true,"href":"https:\/\/watersports4all.de\/index.php\/wp-json\/wp\/v2\/users\/3"}],"replies":[{"embeddable":true,"href":"https:\/\/watersports4all.de\/index.php\/wp-json\/wp\/v2\/comments?post=65"}],"version-history":[{"count":5,"href":"https:\/\/watersports4all.de\/index.php\/wp-json\/wp\/v2\/pages\/65\/revisions"}],"predecessor-version":[{"id":701,"href":"https:\/\/watersports4all.de\/index.php\/wp-json\/wp\/v2\/pages\/65\/revisions\/701"}],"wp:attachment":[{"href":"https:\/\/watersports4all.de\/index.php\/wp-json\/wp\/v2\/media?parent=65"}],"curies":[{"name":"wp","href":"https:\/\/api.w.org\/{rel}","templated":true}]}}